{"id":1410,"date":"2024-05-29T20:47:51","date_gmt":"2024-05-29T18:47:51","guid":{"rendered":"https:\/\/www.etiennepouvreau.com\/?page_id=1410"},"modified":"2024-05-29T21:01:25","modified_gmt":"2024-05-29T19:01:25","slug":"politique-de-confidentialite","status":"publish","type":"page","link":"https:\/\/www.etiennepouvreau.com\/en_us\/politique-de-confidentialite\/","title":{"rendered":"Politique de confidentialit\u00e9"},"content":{"rendered":"<h3 class=\"wp-block-heading\">Introduction<\/h3>\n\n\n\n<p>Bienvenue sur mon site ! Votre confidentialit\u00e9 est d&rsquo;une importance capitale pour moi. Cette politique de confidentialit\u00e9 explique comment je collecte, utilise, et prot\u00e8ge vos informations personnelles lorsque vous visitez mon site internet.<\/p>\n\n\n\n<p>L\u2019adresse du site est\u00a0: https:\/\/www.etiennepouvreau.com.<\/p>\n\n\n\n<h3 class=\"wp-block-heading\">Utilisation des informations<\/h3>\n\n\n\n<p>Les informations que je collecte peuvent \u00eatre utilis\u00e9es pour :<\/p>\n\n\n\n<ul class=\"wp-block-list\">\n<li>R\u00e9pondre \u00e0 vos questions et demandes.<\/li>\n\n\n\n<li>Am\u00e9liorer et personnaliser votre exp\u00e9rience sur le site.<\/li>\n\n\n\n<li>Analyser l&rsquo;utilisation du site pour mieux comprendre les besoins des visiteurs.<\/li>\n<\/ul>\n\n\n\n<h3 class=\"wp-block-heading\">Contenu embarqu\u00e9 depuis d\u2019autres sites<\/h3>\n\n\n\n<p>Les articles de ce site peuvent inclure des contenus int\u00e9gr\u00e9s (par exemple des vid\u00e9os, images, articles\u2026). Le contenu int\u00e9gr\u00e9 depuis d\u2019autres sites se comporte de la m\u00eame mani\u00e8re que si le visiteur se rendait sur cet autre site.<\/p>\n\n\n\n<p>Ces sites web pourraient collecter des donn\u00e9es sur vous, utiliser des cookies, embarquer des outils de suivis tiers, suivre vos interactions avec ces contenus embarqu\u00e9s si vous disposez d\u2019un compte connect\u00e9 sur leur site web.<\/p>\n\n\n\n<h3 class=\"wp-block-heading\">Partage des Informations<\/h3>\n\n\n\n<p>Je ne partage pas vos informations personnelles avec des tiers, sauf si cela est n\u00e9cessaire pour :<\/p>\n\n\n\n<ul class=\"wp-block-list\">\n<li>R\u00e9pondre \u00e0 des obligations l\u00e9gales.<\/li>\n\n\n\n<li>Prot\u00e9ger mes droits et ceux de mes utilisateurs.<\/li>\n\n\n\n<li>Fournir les services demand\u00e9s par vous, en collaboration avec des partenaires de confiance, toujours avec votre consentement pr\u00e9alable.<\/li>\n<\/ul>\n\n\n\n<h3 class=\"wp-block-heading\">S\u00e9curit\u00e9 des Informations<\/h3>\n\n\n\n<p>Je mets en \u0153uvre des mesures de s\u00e9curit\u00e9 raisonnables pour prot\u00e9ger vos informations personnelles contre tout acc\u00e8s non autoris\u00e9, utilisation ou divulgation.<\/p>\n\n\n\n<h3 class=\"wp-block-heading\">Modifications de la Politique de Confidentialit\u00e9<\/h3>\n\n\n\n<p>Je me r\u00e9serve le droit de modifier cette politique de confidentialit\u00e9 \u00e0 tout moment. Toute modification sera publi\u00e9e sur cette page avec la date de mise \u00e0 jour. Je vous encourage \u00e0 consulter r\u00e9guli\u00e8rement cette page pour rester inform\u00e9 des mises \u00e0 jour.<\/p>\n\n\n\n<h3 class=\"wp-block-heading\">Contact<\/h3>\n\n\n\n<p>Si vous avez des questions concernant cette politique de confidentialit\u00e9, veuillez me contacter \u00e0 : etiennempe@gmail.com.<\/p>","protected":false},"excerpt":{"rendered":"<p>Introduction Bienvenue sur mon site ! Votre confidentialit\u00e9 est d&rsquo;une importance capitale pour moi. Cette politique de confidentialit\u00e9 explique comment je collecte, utilise, et prot\u00e8ge vos informations personnelles lorsque vous visitez mon site internet. L\u2019adresse du site est\u00a0: https:\/\/www.etiennepouvreau.com. Utilisation des informations Les informations que je collecte peuvent \u00eatre utilis\u00e9es &hellip;<\/p>\n<div class=\"wrap-excerpt-more\"><a class=\"excerpt-more\" href=\"https:\/\/www.etiennepouvreau.com\/en_us\/politique-de-confidentialite\/\">Read more<\/a><\/div>","protected":false},"author":1,"featured_media":0,"parent":0,"menu_order":0,"comment_status":"closed","ping_status":"closed","template":"","meta":{"_monsterinsights_skip_tracking":false,"_monsterinsights_sitenote_active":false,"_monsterinsights_sitenote_note":"","_monsterinsights_sitenote_category":0,"footnotes":""},"class_list":["post-1410","page","type-page","status-publish","hentry","post--no-featured-image"],"yoast_head":"<!-- This site is optimized with the Yoast SEO plugin v27.6 - https:\/\/yoast.com\/product\/yoast-seo-wordpress\/ -->\n<title>Politique de confidentialit\u00e9 - Etienne Pouvreau - Designer<\/title>\n<meta name=\"robots\" content=\"index, follow, max-snippet:-1, max-image-preview:large, max-video-preview:-1\" \/>\n<link rel=\"canonical\" href=\"https:\/\/www.etiennepouvreau.com\/en_us\/politique-de-confidentialite\/\" \/>\n<meta property=\"og:locale\" content=\"en_US\" \/>\n<meta property=\"og:type\" content=\"article\" \/>\n<meta property=\"og:title\" content=\"Politique de confidentialit\u00e9 - Etienne Pouvreau - Designer\" \/>\n<meta property=\"og:description\" content=\"Introduction Bienvenue sur mon site ! Votre confidentialit\u00e9 est d&rsquo;une importance capitale pour moi. Cette politique de confidentialit\u00e9 explique comment je collecte, utilise, et prot\u00e8ge vos informations personnelles lorsque vous visitez mon site internet. L\u2019adresse du site est\u00a0: https:\/\/www.etiennepouvreau.com. Utilisation des informations Les informations que je collecte peuvent \u00eatre utilis\u00e9es &hellip;Read more\" \/>\n<meta property=\"og:url\" content=\"https:\/\/www.etiennepouvreau.com\/en_us\/politique-de-confidentialite\/\" \/>\n<meta property=\"og:site_name\" content=\"Etienne Pouvreau - Designer\" \/>\n<meta property=\"article:modified_time\" content=\"2024-05-29T19:01:25+00:00\" \/>\n<meta name=\"twitter:card\" content=\"summary_large_image\" \/>\n<meta name=\"twitter:label1\" content=\"Est. reading time\" \/>\n\t<meta name=\"twitter:data1\" content=\"2 minutes\" \/>\n<script type=\"application\/ld+json\" class=\"yoast-schema-graph\">{\"@context\":\"https:\\\/\\\/schema.org\",\"@graph\":[{\"@type\":\"WebPage\",\"@id\":\"https:\\\/\\\/www.etiennepouvreau.com\\\/politique-de-confidentialite\\\/\",\"url\":\"https:\\\/\\\/www.etiennepouvreau.com\\\/politique-de-confidentialite\\\/\",\"name\":\"Politique de confidentialit\u00e9 - Etienne Pouvreau - Designer\",\"isPartOf\":{\"@id\":\"https:\\\/\\\/www.etiennepouvreau.com\\\/#website\"},\"datePublished\":\"2024-05-29T18:47:51+00:00\",\"dateModified\":\"2024-05-29T19:01:25+00:00\",\"breadcrumb\":{\"@id\":\"https:\\\/\\\/www.etiennepouvreau.com\\\/politique-de-confidentialite\\\/#breadcrumb\"},\"inLanguage\":\"en-US\",\"potentialAction\":[{\"@type\":\"ReadAction\",\"target\":[\"https:\\\/\\\/www.etiennepouvreau.com\\\/politique-de-confidentialite\\\/\"]}]},{\"@type\":\"BreadcrumbList\",\"@id\":\"https:\\\/\\\/www.etiennepouvreau.com\\\/politique-de-confidentialite\\\/#breadcrumb\",\"itemListElement\":[{\"@type\":\"ListItem\",\"position\":1,\"name\":\"Accueil\",\"item\":\"https:\\\/\\\/www.etiennepouvreau.com\\\/\"},{\"@type\":\"ListItem\",\"position\":2,\"name\":\"Politique de confidentialit\u00e9\"}]},{\"@type\":\"WebSite\",\"@id\":\"https:\\\/\\\/www.etiennepouvreau.com\\\/#website\",\"url\":\"https:\\\/\\\/www.etiennepouvreau.com\\\/\",\"name\":\"Etienne Pouvreau - Designer\",\"description\":\"Designer\",\"potentialAction\":[{\"@type\":\"SearchAction\",\"target\":{\"@type\":\"EntryPoint\",\"urlTemplate\":\"https:\\\/\\\/www.etiennepouvreau.com\\\/?s={search_term_string}\"},\"query-input\":{\"@type\":\"PropertyValueSpecification\",\"valueRequired\":true,\"valueName\":\"search_term_string\"}}],\"inLanguage\":\"en-US\"}]}<\/script>\n<!-- \/ Yoast SEO plugin. -->","yoast_head_json":{"title":"Politique de confidentialit\u00e9 - Etienne Pouvreau - Designer","robots":{"index":"index","follow":"follow","max-snippet":"max-snippet:-1","max-image-preview":"max-image-preview:large","max-video-preview":"max-video-preview:-1"},"canonical":"https:\/\/www.etiennepouvreau.com\/en_us\/politique-de-confidentialite\/","og_locale":"en_US","og_type":"article","og_title":"Politique de confidentialit\u00e9 - Etienne Pouvreau - Designer","og_description":"Introduction Bienvenue sur mon site ! Votre confidentialit\u00e9 est d&rsquo;une importance capitale pour moi. Cette politique de confidentialit\u00e9 explique comment je collecte, utilise, et prot\u00e8ge vos informations personnelles lorsque vous visitez mon site internet. L\u2019adresse du site est\u00a0: https:\/\/www.etiennepouvreau.com. Utilisation des informations Les informations que je collecte peuvent \u00eatre utilis\u00e9es &hellip;Read more","og_url":"https:\/\/www.etiennepouvreau.com\/en_us\/politique-de-confidentialite\/","og_site_name":"Etienne Pouvreau - Designer","article_modified_time":"2024-05-29T19:01:25+00:00","twitter_card":"summary_large_image","twitter_misc":{"Est. reading time":"2 minutes"},"schema":{"@context":"https:\/\/schema.org","@graph":[{"@type":"WebPage","@id":"https:\/\/www.etiennepouvreau.com\/politique-de-confidentialite\/","url":"https:\/\/www.etiennepouvreau.com\/politique-de-confidentialite\/","name":"Politique de confidentialit\u00e9 - Etienne Pouvreau - Designer","isPartOf":{"@id":"https:\/\/www.etiennepouvreau.com\/#website"},"datePublished":"2024-05-29T18:47:51+00:00","dateModified":"2024-05-29T19:01:25+00:00","breadcrumb":{"@id":"https:\/\/www.etiennepouvreau.com\/politique-de-confidentialite\/#breadcrumb"},"inLanguage":"en-US","potentialAction":[{"@type":"ReadAction","target":["https:\/\/www.etiennepouvreau.com\/politique-de-confidentialite\/"]}]},{"@type":"BreadcrumbList","@id":"https:\/\/www.etiennepouvreau.com\/politique-de-confidentialite\/#breadcrumb","itemListElement":[{"@type":"ListItem","position":1,"name":"Accueil","item":"https:\/\/www.etiennepouvreau.com\/"},{"@type":"ListItem","position":2,"name":"Politique de confidentialit\u00e9"}]},{"@type":"WebSite","@id":"https:\/\/www.etiennepouvreau.com\/#website","url":"https:\/\/www.etiennepouvreau.com\/","name":"Etienne Pouvreau - Designer","description":"Designer","potentialAction":[{"@type":"SearchAction","target":{"@type":"EntryPoint","urlTemplate":"https:\/\/www.etiennepouvreau.com\/?s={search_term_string}"},"query-input":{"@type":"PropertyValueSpecification","valueRequired":true,"valueName":"search_term_string"}}],"inLanguage":"en-US"}]}},"jetpack_shortlink":"https:\/\/wp.me\/P9LOBc-mK","jetpack_sharing_enabled":true,"_links":{"self":[{"href":"https:\/\/www.etiennepouvreau.com\/en_us\/wp-json\/wp\/v2\/pages\/1410","targetHints":{"allow":["GET"]}}],"collection":[{"href":"https:\/\/www.etiennepouvreau.com\/en_us\/wp-json\/wp\/v2\/pages"}],"about":[{"href":"https:\/\/www.etiennepouvreau.com\/en_us\/wp-json\/wp\/v2\/types\/page"}],"author":[{"embeddable":true,"href":"https:\/\/www.etiennepouvreau.com\/en_us\/wp-json\/wp\/v2\/users\/1"}],"replies":[{"embeddable":true,"href":"https:\/\/www.etiennepouvreau.com\/en_us\/wp-json\/wp\/v2\/comments?post=1410"}],"version-history":[{"count":3,"href":"https:\/\/www.etiennepouvreau.com\/en_us\/wp-json\/wp\/v2\/pages\/1410\/revisions"}],"predecessor-version":[{"id":1415,"href":"https:\/\/www.etiennepouvreau.com\/en_us\/wp-json\/wp\/v2\/pages\/1410\/revisions\/1415"}],"wp:attachment":[{"href":"https:\/\/www.etiennepouvreau.com\/en_us\/wp-json\/wp\/v2\/media?parent=1410"}],"curies":[{"name":"wp","href":"https:\/\/api.w.org\/{rel}","templated":true}]}}